{"id":25297,"date":"2025-12-13T14:19:23","date_gmt":"2025-12-13T14:19:23","guid":{"rendered":"https:\/\/perfumeeurope.com\/product\/serum-illuminateur-a-la-vitamine-30ml\/"},"modified":"2026-03-05T20:36:26","modified_gmt":"2026-03-05T20:36:26","slug":"serum-illuminateur-a-la-vitamine-30ml","status":"publish","type":"product","link":"https:\/\/perfumeeurope.com\/en\/product\/serum-illuminateur-a-la-vitamine-30ml\/","title":{"rendered":"Vitamin C Illuminating Serum 30ml"},"content":{"rendered":"","protected":false},"excerpt":{"rendered":"[cg_accordion title=\"Description\"]\n<p>\ud83d\udca7 Acerola cherry, nicknamed &#8216;the king of vitamin C&#8217;, contains up to 40% acerola cherry water, i.e., 8 times more vitamin C than lemon and 127 times more than apple, to brighten and revitalise the skin. Even at high concentration, it remains very gentle and suitable for sensitive skin. Its three-step system for dark spots helps to unify the complexion: it limits the formation of potential spots, reduces the spread of new spots, and helps fade already visible spots, for progressively brighter and more even skin.<\/p>\n<p>[\/cg_accordion][cg_accordion title=\"Usage\"]<\/p>\n<p>\ud83d\udca7 Regular daily use can lead to a reduction in dark spots, softer, more radiant skin, and a generally more uniform and luminous complexion.<\/p>\n<p>[\/cg_accordion][cg_accordion title=\"Ingredients\"]<\/p>\n<p>\ud83d\udca7 Ingredients: Eau de fruit de Malpighia Glabra (Acerola), Eau, Butylene glycol, Glyc\u00e9rine, C\u00e9tyl \u00e9thylhexanoate, Niacinamide, 1,2-Hexanediol, Arbutine, L\u00e9cithine hydrog\u00e9n\u00e9e, T\u00e9trab\u00e9h\u00e9nate de penta\u00e9rythrityl, Di\u00e9thoxy\u00e9thyl succinate, B\u00e9ta\u00efne, C\u00e9ramide NP, Hydroxy\u00e9thylur\u00e9e, Triglyc\u00e9ride caprylique\/caprique, Extrait de feuilles de Melia Azadirachta, Alcool c\u00e9t\u00e9arylique, Squalane, Extrait de fleurs de Melia Azadirachta, Panth\u00e9nol, Extrait de racine de Curcuma Longa (Curcuma), Tocoph\u00e9rol, Carbom\u00e8re, Beurre de Butyrospermum Parkii (Karit\u00e9), Trom\u00e9thamine, Gomme xanthane, Allanto\u00efne, \u00c9thylhexylglyc\u00e9rine, 2,3-Butanediol, Ad\u00e9nosine, Extrait de feuilles d\u2019Ocimum Sanctum, Disodium EDTA, Hyaluronate de sodium, B\u00eata-glucane carboxym\u00e9thyl\u00e9 de sodium, Extrait de Corallina Officinalis, Extrait de fruit de Malpighia Glabra (Acerola), St\u00e9arate de glyc\u00e9ryle, Acide hyaluronique hydrolys\u00e9, Hyaluronate de sodium hydrolys\u00e9, Acide hyaluronique, Hyaluronate hydroxypropyltrimonium, Hyaluronate de potassium, Extrait de fruit de Rubus Fruticosus (M\u00fbre), Extrait de fruit de Vaccinium Macrocarpon (Canneberge), Extrait de fruit de Vaccinium Angustifolium (Myrtille), Extrait de fruit de Rubus Idaeus (Framboise), Extrait de fruit de Sambucus Nigra (Sureau), C\u00e9ramide NS, C\u00e9ramide AS, C\u00e9ramide AP, Cholest\u00e9rol, Acide f\u00e9rulique, Glutathion, Acide tranexamique, 3-O-\u00c9thyl Ascorbique, Pentyl\u00e8ne glycol, Hyaluronate de sodium r\u00e9ticul\u00e9, Hyaluronate de sodium ac\u00e9tyl\u00e9, C\u00e9ramide EOP.<\/p>\n<p>[\/cg_accordion]<\/p>\n","protected":false},"featured_media":21327,"template":"","meta":{"_monsterinsights_skip_tracking":false,"_monsterinsights_sitenote_active":false,"_monsterinsights_sitenote_note":"","_monsterinsights_sitenote_category":0,"_joinchat":[]},"product_brand":[],"product_cat":[794],"product_tag":[769,796,803],"class_list":{"0":"post-25297","1":"product","2":"type-product","3":"status-publish","4":"has-post-thumbnail","6":"product_cat-cosmetique","7":"product_tag-b2b3","8":"product_tag-kbeauty","9":"product_tag-serums-ampoules","10":"pa_brand-eqqualberry","12":"first","13":"outofstock","14":"taxable","15":"shipping-taxable","16":"product-type-simple"},"_links":{"self":[{"href":"https:\/\/perfumeeurope.com\/en\/wp-json\/wp\/v2\/product\/25297","targetHints":{"allow":["GET"]}}],"collection":[{"href":"https:\/\/perfumeeurope.com\/en\/wp-json\/wp\/v2\/product"}],"about":[{"href":"https:\/\/perfumeeurope.com\/en\/wp-json\/wp\/v2\/types\/product"}],"wp:featuredmedia":[{"embeddable":true,"href":"https:\/\/perfumeeurope.com\/en\/wp-json\/wp\/v2\/media\/21327"}],"wp:attachment":[{"href":"https:\/\/perfumeeurope.com\/en\/wp-json\/wp\/v2\/media?parent=25297"}],"wp:term":[{"taxonomy":"product_brand","embeddable":true,"href":"https:\/\/perfumeeurope.com\/en\/wp-json\/wp\/v2\/product_brand?post=25297"},{"taxonomy":"product_cat","embeddable":true,"href":"https:\/\/perfumeeurope.com\/en\/wp-json\/wp\/v2\/product_cat?post=25297"},{"taxonomy":"product_tag","embeddable":true,"href":"https:\/\/perfumeeurope.com\/en\/wp-json\/wp\/v2\/product_tag?post=25297"}],"curies":[{"name":"wp","href":"https:\/\/api.w.org\/{rel}","templated":true}]}}