{"id":25298,"date":"2025-12-13T14:17:47","date_gmt":"2025-12-13T14:17:47","guid":{"rendered":"https:\/\/perfumeeurope.com\/product\/milky-piggy-cer-100-collagen-ceramide-coating-protein-treatment-100ml\/"},"modified":"2026-03-05T20:36:26","modified_gmt":"2026-03-05T20:36:26","slug":"milky-piggy-cer-100-collagen-ceramide-coating-protein-treatment-100ml","status":"publish","type":"product","link":"https:\/\/perfumeeurope.com\/en\/product\/milky-piggy-cer-100-collagen-ceramide-coating-protein-treatment-100ml\/","title":{"rendered":"Milky Piggy Collagen Ceramide Coating Protein Treatment 100ml"},"content":{"rendered":"","protected":false},"excerpt":{"rendered":"[cg_accordion title=\"Description\"]\n<p>Repeated coloring and frequent styling can leave hair dry, dull, and difficult to manage, but this nourishing and repairing care delivers in a short time a true infusion of hydration and vitality to damaged hair. Hydrolyzed silk proteins penetrate deeply into the hair fiber to smooth frizz and eliminate static, restoring softness and lightness to the strands. Collagen and ceramides strengthen the hair&#8217;s internal structure, improve its elasticity and resilience, and give it a healthier, shinier, and more buoyant appearance. Panthenol and glycerin complete the action by providing lasting hydration, softening the hair texture and forming a light protective film that locks in moisture while enhancing natural shine. After shampooing, simply apply the treatment and leave it on for a few minutes to achieve results comparable to a professional treatment: hair that was once tangled or rough becomes smooth, easy to style, and dry ends regain shine and suppleness. Whether mildly sensitized or severely damaged by coloring and heat, all hair types can benefit from this visible repair from the first use, revealing hair that is healthier, shinier, and easier to style.<\/p>\n<p>[\/cg_accordion][cg_accordion title=\"How to Use\"]<\/p>\n<p>After washing your hair, gently blot it dry with a towel and apply the treatment. Leave on for 3-5 minutes, then rinse.<\/p>\n<p>[\/cg_accordion][cg_accordion title=\"Ingr\u00e9dients\"]<\/p>\n<p>Ingr\u00e9dients: Eau, Alcool c\u00e9t\u00e9arylique, Chlorure de b\u00e9hentrimonium, Glyc\u00e9rine, Amodim\u00e9thicone, Cyclopentasiloxane, Acide citrique, Alcool isopropylique, Chlorure de c\u00e9trimonium, Benzoate de sodium, Dim\u00e9thicone, Trid\u00e9ceth-12, Panth\u00e9nol, Parfum, Ac\u00e9tate de tocoph\u00e9ryle, Caramel, Butyl\u00e8ne glycol, Extrait de fruit de Cornus Officinalis, Extrait de racine de Rehmannia Glutinosa, Extrait de racine de Dioscorea Japonica, Extrait de tubercule d\u2019Alisma Orientale, Extrait de racine de Paeonia Suffruticosa, Extrait de scl\u00e9rote de Poria Cocos, C\u00e9ramide NP, Alcool, Soie hydrolys\u00e9e, Collag\u00e8ne hydrolys\u00e9, G\u00e9latine, K\u00e9ratine hydrolys\u00e9e, Extrait de grain d\u2019Avena Sativa (Avoine), 1,2-Hexanediol, Prot\u00e9ine de bl\u00e9 hydrolys\u00e9e, Prot\u00e9ine de ma\u00efs hydrolys\u00e9e, Prot\u00e9ine de soja hydrolys\u00e9e, Ph\u00e9noxy\u00e9thanol, Extrait de racine de Daucus Carota Sativa (Carotte), Extrait de Brassica Oleracea Italica (Brocoli), Extrait d\u2019Apium Graveolens (C\u00e9leri), D\u00e9hydroac\u00e9tate de sodium, Extrait de feuille de Brassica Oleracea Apitata (Chou), Extrait de riz (Oryza Sativa), Extrait de feuille de Brassica Rapa (Navet), \u00c9thylhexylglyc\u00e9rine, Extrait de fruit\/feuille\/tige de Solanum Lycopersicum (Tomate), Extrait de fruit d\u2019Illicium Verum (Anis), Caprylyl Glycol.<\/p>\n<p>[\/cg_accordion]<\/p>\n","protected":false},"featured_media":21314,"template":"","meta":{"_monsterinsights_skip_tracking":false,"_monsterinsights_sitenote_active":false,"_monsterinsights_sitenote_note":"","_monsterinsights_sitenote_category":0,"_joinchat":[]},"product_brand":[],"product_cat":[794],"product_tag":[829,769,826,796],"class_list":{"0":"post-25298","1":"product","2":"type-product","3":"status-publish","4":"has-post-thumbnail","6":"product_cat-cosmetique","7":"product_tag-apres-shampooings","8":"product_tag-b2b3","9":"product_tag-cheveux","10":"product_tag-kbeauty","11":"pa_brand-elizavecca","13":"first","14":"outofstock","15":"taxable","16":"shipping-taxable","17":"product-type-simple"},"_links":{"self":[{"href":"https:\/\/perfumeeurope.com\/en\/wp-json\/wp\/v2\/product\/25298","targetHints":{"allow":["GET"]}}],"collection":[{"href":"https:\/\/perfumeeurope.com\/en\/wp-json\/wp\/v2\/product"}],"about":[{"href":"https:\/\/perfumeeurope.com\/en\/wp-json\/wp\/v2\/types\/product"}],"wp:featuredmedia":[{"embeddable":true,"href":"https:\/\/perfumeeurope.com\/en\/wp-json\/wp\/v2\/media\/21314"}],"wp:attachment":[{"href":"https:\/\/perfumeeurope.com\/en\/wp-json\/wp\/v2\/media?parent=25298"}],"wp:term":[{"taxonomy":"product_brand","embeddable":true,"href":"https:\/\/perfumeeurope.com\/en\/wp-json\/wp\/v2\/product_brand?post=25298"},{"taxonomy":"product_cat","embeddable":true,"href":"https:\/\/perfumeeurope.com\/en\/wp-json\/wp\/v2\/product_cat?post=25298"},{"taxonomy":"product_tag","embeddable":true,"href":"https:\/\/perfumeeurope.com\/en\/wp-json\/wp\/v2\/product_tag?post=25298"}],"curies":[{"name":"wp","href":"https:\/\/api.w.org\/{rel}","templated":true}]}}