{"id":25385,"date":"2025-12-06T16:51:48","date_gmt":"2025-12-06T16:51:48","guid":{"rendered":"https:\/\/perfumeeurope.com\/product\/loui-martin-falora-garden-100ml-extrait-de-parfum-femme\/"},"modified":"2026-04-08T15:46:11","modified_gmt":"2026-04-08T14:46:11","slug":"loui-martin-falora-garden-100ml-extrait-de-parfum-femme","status":"publish","type":"product","link":"https:\/\/perfumeeurope.com\/en\/product\/loui-martin-falora-garden-100ml-extrait-de-parfum-femme\/","title":{"rendered":"FALORA GARDEN 100ML EXTRAIT DE PARFUM"},"content":{"rendered":"","protected":false},"excerpt":{"rendered":"[cg_accordion title=\"Description\"]\n<p>D\u00e9couvrez l&#8217;essence du parfum \u00ab LOUI MARTIN \u00bb de FALORA GARDEN, un m\u00e9lange envo\u00fbtant de fleurs blanches, de fruits sucr\u00e9s et de notes lactiques velout\u00e9es. D\u00e9licat mais captivant, il d\u00e9voile un voyage \u00e0 travers des jardins fleuris avec ses accords floraux blancs et fruit\u00e9s. La chaleur du patchouli ajoute de la profondeur, tandis que les notes bois\u00e9es fra\u00eeches revigorent comme une promenade dans la nature. Ce parfum combine harmonieusement des \u00e9l\u00e9ments de douceur, de confort et de vitalit\u00e9, cr\u00e9ant un parfum \u00e0 la fois invitant et revitalisant. Embrassez la symphonie luxuriante de parfums qui \u00e9voquent la beaut\u00e9 de l&#8217;\u00e9treinte de la nature, encapsul\u00e9e dans un seul flacon inoubliable.<\/p>\n<p>[\/cg_accordion][cg_accordion title=\"Pyramide Olfactive\"]<\/p>\n<p>Note de t\u00eate : Floral blanc<br \/>Note de coeur : Floral Doux Fruit\u00e9, Patchouli<br \/>Note de fond : Lactonique frais, Bois\u00e9<\/p>\n<p>[\/cg_accordion][cg_accordion title=\"Composition\"]<\/p>\n<p>PARFUM (FRAGRANCE), ALCOHOL, AQUA (WATER), ALPHA-ISOMETHYL, IONONE, BENZYL ALCOHOL, BENZYL BENZOATE, BENZYL SALICYLATE, CINNAMAL, CITRAL, CITRONELLOL, COUMARIN, D-LIMONENE, FARNESOL, GERANIOL, HEXYL CINNAMAL, HYDROXYCITRONELLAL, ISOEUGENOL, LINALOOL.<\/p>\n<p>[\/cg_accordion]<\/p>\n","protected":false},"featured_media":20340,"template":"","meta":{"_monsterinsights_skip_tracking":false,"_monsterinsights_sitenote_active":false,"_monsterinsights_sitenote_note":"","_monsterinsights_sitenote_category":0,"_joinchat":[]},"product_brand":[],"product_cat":[768],"product_tag":[776,770,773,841],"class_list":{"0":"post-25385","1":"product","2":"type-product","3":"status-publish","4":"has-post-thumbnail","6":"product_cat-parfum","7":"product_tag-b2b2","8":"product_tag-dubai","9":"product_tag-parfum","10":"product_tag-serie-569","11":"pa_brand-loui-martin","13":"first","14":"instock","15":"taxable","16":"shipping-taxable","17":"product-type-variable","18":"has-default-attributes"},"_links":{"self":[{"href":"https:\/\/perfumeeurope.com\/en\/wp-json\/wp\/v2\/product\/25385","targetHints":{"allow":["GET"]}}],"collection":[{"href":"https:\/\/perfumeeurope.com\/en\/wp-json\/wp\/v2\/product"}],"about":[{"href":"https:\/\/perfumeeurope.com\/en\/wp-json\/wp\/v2\/types\/product"}],"wp:featuredmedia":[{"embeddable":true,"href":"https:\/\/perfumeeurope.com\/en\/wp-json\/wp\/v2\/media\/20340"}],"wp:attachment":[{"href":"https:\/\/perfumeeurope.com\/en\/wp-json\/wp\/v2\/media?parent=25385"}],"wp:term":[{"taxonomy":"product_brand","embeddable":true,"href":"https:\/\/perfumeeurope.com\/en\/wp-json\/wp\/v2\/product_brand?post=25385"},{"taxonomy":"product_cat","embeddable":true,"href":"https:\/\/perfumeeurope.com\/en\/wp-json\/wp\/v2\/product_cat?post=25385"},{"taxonomy":"product_tag","embeddable":true,"href":"https:\/\/perfumeeurope.com\/en\/wp-json\/wp\/v2\/product_tag?post=25385"}],"curies":[{"name":"wp","href":"https:\/\/api.w.org\/{rel}","templated":true}]}}