{"id":25406,"date":"2025-12-06T16:43:51","date_gmt":"2025-12-06T16:43:51","guid":{"rendered":"https:\/\/perfumeeurope.com\/product\/carissa-62-extrait-de-parfum-100ml-femme\/"},"modified":"2026-04-28T16:29:52","modified_gmt":"2026-04-28T16:29:52","slug":"carissa-62-extrait-de-parfum-100ml-femme","status":"publish","type":"product","link":"https:\/\/perfumeeurope.com\/en\/product\/carissa-62-extrait-de-parfum-100ml-femme\/","title":{"rendered":"CARISSA62 EXTRAIT DE PARFUM 100ML"},"content":{"rendered":"","protected":false},"excerpt":{"rendered":"[cg_accordion title=\"Description\"]\n<div><font face=\"Arial\" size=\"2\">L&#8217;ouverture de ce parfum est comme la lumi\u00e8re du matin qui se d\u00e9pose sur un jardin paisible, la douceur de la pistache et de l&#8217;amande \u00e9veillant d\u00e9licatement les sens, apportant chaleur et joie. Ensuite, le parfum du caramel sal\u00e9 et de la vanille se d\u00e9ploie comme une \u00e9treinte soyeuse et douce, plongeant dans une atmosph\u00e8re confortable et romantique, o\u00f9 chaque respiration apporte une tendresse infinie. La note de fond de bois de santal se d\u00e9ploie lentement, telle la chaleur bois\u00e9e d\u2019un cr\u00e9puscule apaisant, offrant au parfum une profondeur, une s\u00e9r\u00e9nit\u00e9 et une tenue durable. La douceur, la tendresse et l\u2019\u00e9l\u00e9gance s\u2019entrelacent dans cette fragrance, transportant comme dans un jardin f\u00e9erique de gourmandises, o\u00f9 chaque instant est empli de bonheur, de r\u00e9confort et de joie paisible.<\/font><\/div>\n<p>[\/cg_accordion][cg_accordion title=\"Pyramide Olfactive\"]<\/p>\n<div><font face=\"Arial\" size=\"2\"><b>Note de t\u00eate<\/b> : Pistache, Amande<br \/><b>Note de c\u0153ur<\/b> : Caramel sal\u00e9, Vanille<br \/><b>Note de fond<\/b> : Bois de santal<\/font><\/div>\n<p>[\/cg_accordion][cg_accordion title=\"Composition\"]<\/p>\n<div><font face=\"Arial\" size=\"2\"><b>Compositions:<\/b> PARFUM (FRAGRANCE), ALCOHOL, AQUA (WATER), ALPHA-ISOMETHYL, IONONE, BENZYL ALCOHOL, BENZYL BENZOATE, BENZYL SALICYLATE, CINNAMAL, CITRAL, CITRONELLOL, COUMARIN, D-LIMONENE, FARNESOL, GERANIOL, HEXYL CINNAMAL, HYDROXYCITRONELLAL, ISOEUGENOL, LINALOOL<\/font><\/div>\n<p>[\/cg_accordion]<\/p>\n","protected":false},"featured_media":20177,"template":"","meta":{"_monsterinsights_skip_tracking":false,"_monsterinsights_sitenote_active":false,"_monsterinsights_sitenote_note":"","_monsterinsights_sitenote_category":0,"_joinchat":[]},"product_brand":[],"product_cat":[768],"product_tag":[776,770,773],"class_list":{"0":"post-25406","1":"product","2":"type-product","3":"status-publish","4":"has-post-thumbnail","6":"product_cat-parfum","7":"product_tag-b2b2","8":"product_tag-dubai","9":"product_tag-parfum","10":"pa_brand-loui-martin","12":"first","13":"instock","14":"taxable","15":"shipping-taxable","16":"product-type-simple"},"_links":{"self":[{"href":"https:\/\/perfumeeurope.com\/en\/wp-json\/wp\/v2\/product\/25406","targetHints":{"allow":["GET"]}}],"collection":[{"href":"https:\/\/perfumeeurope.com\/en\/wp-json\/wp\/v2\/product"}],"about":[{"href":"https:\/\/perfumeeurope.com\/en\/wp-json\/wp\/v2\/types\/product"}],"wp:featuredmedia":[{"embeddable":true,"href":"https:\/\/perfumeeurope.com\/en\/wp-json\/wp\/v2\/media\/20177"}],"wp:attachment":[{"href":"https:\/\/perfumeeurope.com\/en\/wp-json\/wp\/v2\/media?parent=25406"}],"wp:term":[{"taxonomy":"product_brand","embeddable":true,"href":"https:\/\/perfumeeurope.com\/en\/wp-json\/wp\/v2\/product_brand?post=25406"},{"taxonomy":"product_cat","embeddable":true,"href":"https:\/\/perfumeeurope.com\/en\/wp-json\/wp\/v2\/product_cat?post=25406"},{"taxonomy":"product_tag","embeddable":true,"href":"https:\/\/perfumeeurope.com\/en\/wp-json\/wp\/v2\/product_tag?post=25406"}],"curies":[{"name":"wp","href":"https:\/\/api.w.org\/{rel}","templated":true}]}}