{"id":25474,"date":"2025-10-22T09:37:10","date_gmt":"2025-10-22T09:37:10","guid":{"rendered":"https:\/\/perfumeeurope.com\/product\/gulf-orchid-pina-colada-60ml-eau-de-parfum-unisexe\/"},"modified":"2026-04-12T07:50:36","modified_gmt":"2026-04-12T06:50:36","slug":"gulf-orchid-pina-colada-60ml-eau-de-parfum-unisexe","status":"publish","type":"product","link":"https:\/\/perfumeeurope.com\/en\/product\/gulf-orchid-pina-colada-60ml-eau-de-parfum-unisexe\/","title":{"rendered":"Gulf Orchid &#8211; Pina Colada 60ml Eau de parfum unisexe"},"content":{"rendered":"","protected":false},"excerpt":{"rendered":"[cg_accordion title=\"Description\"]\n<p>La fragrance Pina Colada de Gulf Orchid vous transporte instantan\u00e9ment sous les tropiques. Une senteur rafra\u00eechissante et gourmande, parfaite pour les amoureux d\u2019exotisme. Id\u00e9ale pour les journ\u00e9es ensoleill\u00e9es ou pour prolonger l\u2019\u00e9t\u00e9 toute l\u2019ann\u00e9e. \u00c9voque la douceur de vivre, la plage et les cocktails fruit\u00e9s. Son sillage l\u00e9ger et chaleureux enveloppe la peau avec une touche r\u00e9confortante. Mixte, il convient \u00e0 tous ceux qui recherchent une senteur lumineuse et d\u00e9paysante.<\/p>\n<p>[\/cg_accordion][cg_accordion title=\"Pyramide Olfactive\"]<\/p>\n<p><strong>Note de t\u00eate :<\/strong> Ananas juteux, Noix de coco fra\u00eeche, Citron vert zest\u00e9<br \/>\n<strong>Note de coeur :<\/strong> Lait de coco cr\u00e9meux, Fleur de tiar\u00e9, Jasmin exotique<br \/>\n<strong>Note de fond :<\/strong> Vanille douce, Musc l\u00e9ger, Bois de santal chaud<\/p>\n<p>[\/cg_accordion][cg_accordion title=\"Composition\"]<\/p>\n<p>ALCOHOL DRNAT, PARFUM, WATER, HEXYL CINNAMAL, BENZYL SALICYLATE, LIMONENE, LINALOOL, ALPHA-ISOMETHYL IONENE, COUMARIN, CITRAL, BENZYL ALCOHOL, BENZYL BENZOATE, CITRANELLOL, GERANIOL, HYDROXYCITRANELLOL, AMYL CINNAMAL, STYRENE, \/ACRYLATES COPOLYMER, CI 17200, CI 19140<\/p>\n<p>[\/cg_accordion]<\/p>\n","protected":false},"featured_media":18682,"template":"","meta":{"_monsterinsights_skip_tracking":false,"_monsterinsights_sitenote_active":false,"_monsterinsights_sitenote_note":"","_monsterinsights_sitenote_category":0,"_joinchat":[]},"product_brand":[],"product_cat":[768],"product_tag":[775,770,773,857],"class_list":{"0":"post-25474","1":"product","2":"type-product","3":"status-publish","4":"has-post-thumbnail","6":"product_cat-parfum","7":"product_tag-b2b","8":"product_tag-dubai","9":"product_tag-parfum","10":"product_tag-serie-596","11":"pa_brand-gulf-orchid","13":"first","14":"instock","15":"sale","16":"taxable","17":"shipping-taxable","18":"product-type-variable","19":"has-default-attributes"},"_links":{"self":[{"href":"https:\/\/perfumeeurope.com\/en\/wp-json\/wp\/v2\/product\/25474","targetHints":{"allow":["GET"]}}],"collection":[{"href":"https:\/\/perfumeeurope.com\/en\/wp-json\/wp\/v2\/product"}],"about":[{"href":"https:\/\/perfumeeurope.com\/en\/wp-json\/wp\/v2\/types\/product"}],"wp:featuredmedia":[{"embeddable":true,"href":"https:\/\/perfumeeurope.com\/en\/wp-json\/wp\/v2\/media\/18682"}],"wp:attachment":[{"href":"https:\/\/perfumeeurope.com\/en\/wp-json\/wp\/v2\/media?parent=25474"}],"wp:term":[{"taxonomy":"product_brand","embeddable":true,"href":"https:\/\/perfumeeurope.com\/en\/wp-json\/wp\/v2\/product_brand?post=25474"},{"taxonomy":"product_cat","embeddable":true,"href":"https:\/\/perfumeeurope.com\/en\/wp-json\/wp\/v2\/product_cat?post=25474"},{"taxonomy":"product_tag","embeddable":true,"href":"https:\/\/perfumeeurope.com\/en\/wp-json\/wp\/v2\/product_tag?post=25474"}],"curies":[{"name":"wp","href":"https:\/\/api.w.org\/{rel}","templated":true}]}}