{"id":26194,"date":"2025-10-21T21:58:18","date_gmt":"2025-10-21T21:58:18","guid":{"rendered":"https:\/\/perfumeeurope.com\/product\/december-vanilla-85ml-eau-de-parfum-unisexe\/"},"modified":"2026-03-05T20:36:26","modified_gmt":"2026-03-05T20:36:26","slug":"december-vanilla-85ml-eau-de-parfum-unisexe","status":"publish","type":"product","link":"https:\/\/perfumeeurope.com\/en\/product\/december-vanilla-85ml-eau-de-parfum-unisexe\/","title":{"rendered":"Black Afgano 65ML Eau de Parfum Unisex"},"content":{"rendered":"","protected":false},"excerpt":{"rendered":"[cg_accordion title=\"Description\"]\n<p>December Vanilla de Paris Corner is an oriental vanilla unisex fragrance, launched in 2023, that captivates with its richness and depth. The top notes of rum, vanilla orchid, and jasmine create a smooth and floral opening, with an exotic touch. In the heart, vanilla, cr\u00e8me br\u00fbl\u00e9e, and spices blend with tonka bean, leather, and rose, offering a warm, gourmand, and spicy experience. The base notes of brown sugar, patchouli, oud, amber, and musk add a woody and resinous dimension, leaving an enveloping and sophisticated trail. Ideal for evenings or cooler seasons, this fragrance reveals a warm and bold elegance, perfect for standing out in style. \ud83c\udf1f<\/p>\n<p>[\/cg_accordion][cg_accordion title=\"Olfactory Pyramid\"]<\/p>\n<p><strong>Top Notes:<\/strong> Rum, Vanilla Orchid, Jasmine<br \/><strong>Heart Notes:<\/strong> Vanilla, Cr\u00e8me Br\u00fbl\u00e9e, Spicy Notes, Tonka Bean, Leather, Rose<br \/><strong>Base Notes:<\/strong> Brown Sugar, Patchouli, Oud, Amber, Musk \ud83c\udf3f<\/p>\n<p>[\/cg_accordion][cg_accordion title=\"Ingredients\"]<\/p>\n<p>ALCOHOL DENAT., (75% VOL), FRAGRANCE, LINALOOL, BENZYL BENZOATE, COUMARIN, BENZYL CINNAMATE, CINNAMYL ALCOHOL, CITRONELLOL, EUGENOL, LIMONENE, BENZYL ALCOHOL. \ud83c\udf3c<\/p>\n<p>[\/cg_accordion]<\/p>\n","protected":false},"featured_media":15449,"template":"","meta":{"_monsterinsights_skip_tracking":false,"_monsterinsights_sitenote_active":false,"_monsterinsights_sitenote_note":"","_monsterinsights_sitenote_category":0,"_joinchat":[]},"product_brand":[],"product_cat":[768],"product_tag":[775,770,773,916],"class_list":{"0":"post-26194","1":"product","2":"type-product","3":"status-publish","4":"has-post-thumbnail","6":"product_cat-parfum","7":"product_tag-b2b","8":"product_tag-dubai","9":"product_tag-parfum","10":"product_tag-serie-516","11":"pa_brand-paris-corner","13":"first","14":"instock","15":"taxable","16":"shipping-taxable","17":"product-type-variable","18":"has-default-attributes"},"_links":{"self":[{"href":"https:\/\/perfumeeurope.com\/en\/wp-json\/wp\/v2\/product\/26194","targetHints":{"allow":["GET"]}}],"collection":[{"href":"https:\/\/perfumeeurope.com\/en\/wp-json\/wp\/v2\/product"}],"about":[{"href":"https:\/\/perfumeeurope.com\/en\/wp-json\/wp\/v2\/types\/product"}],"wp:featuredmedia":[{"embeddable":true,"href":"https:\/\/perfumeeurope.com\/en\/wp-json\/wp\/v2\/media\/15449"}],"wp:attachment":[{"href":"https:\/\/perfumeeurope.com\/en\/wp-json\/wp\/v2\/media?parent=26194"}],"wp:term":[{"taxonomy":"product_brand","embeddable":true,"href":"https:\/\/perfumeeurope.com\/en\/wp-json\/wp\/v2\/product_brand?post=26194"},{"taxonomy":"product_cat","embeddable":true,"href":"https:\/\/perfumeeurope.com\/en\/wp-json\/wp\/v2\/product_cat?post=26194"},{"taxonomy":"product_tag","embeddable":true,"href":"https:\/\/perfumeeurope.com\/en\/wp-json\/wp\/v2\/product_tag?post=26194"}],"curies":[{"name":"wp","href":"https:\/\/api.w.org\/{rel}","templated":true}]}}