{"id":27975,"date":"2026-01-16T15:41:23","date_gmt":"2026-01-16T15:41:23","guid":{"rendered":"https:\/\/perfumeeurope.com\/product\/badee-al-oud-honor-glory-coffret-de-parfum-unisexe\/"},"modified":"2026-03-05T20:36:26","modified_gmt":"2026-03-05T20:36:26","slug":"badee-al-oud-honor-glory-coffret-de-parfum-unisexe","status":"publish","type":"product","link":"https:\/\/perfumeeurope.com\/en\/product\/badee-al-oud-honor-glory-coffret-de-parfum-unisexe\/","title":{"rendered":"Badee Al Oud Honor &#038; Glory Unisex Eau de Parfum Coffret"},"content":{"rendered":"","protected":false},"excerpt":{"rendered":"[cg_accordion title=\"Description\"]\n<p>Discover the Badee Al Oud Honor &#038; Glory gift set by Lattafa, which includes a 100ml perfume, a 200ml scented body spray, and a 50ml hair fragrance spray. This fragrance features spicy and fruity notes and is presented in a luxurious bottle adorned with golden patterns. Perfect for special occasions, it is sure to bring smiles and delight your loved ones or yourself. \u2728<\/p>\n<p>[\/cg_accordion][cg_accordion title=\"Olfactory Pyramid\"]<\/p>\n<p><strong>Top Note:<\/strong> pineapple, cr\u00e8me br\u00fbl\u00e9e<br \/><strong>Heart Note:<\/strong> cinnamon, benzoin, zedoary, black pepper<br \/><strong>Base Note:<\/strong> vanilla, cashmere wood, sandalwood, moss \ud83c\udf38<\/p>\n<p>[\/cg_accordion][cg_accordion title=\"Ingredients\"]<\/p>\n<p>Alcohol Denat, Aqua (Water), Parfum (Fragrance), Triethylcitrate, Peg-60 Hydrogenated Castor Oil, Ethylhexylglycerin, Ethylhexyl Methoxycinnamate, Limonene, Coumarin, Alpha-isomethyl Ionone, Cinnamal, Linalool, Citronellol, Eugenol, Farnesol, Benzyl Benzoate, Citral. <br \/>DIRECTIONS: Spray all over your body for a refreshing and long-lasting fragrance. \ud83c\udf52<\/p>\n<p>[\/cg_accordion]<\/p>\n","protected":false},"featured_media":27591,"template":"","meta":{"_monsterinsights_skip_tracking":false,"_monsterinsights_sitenote_active":false,"_monsterinsights_sitenote_note":"","_monsterinsights_sitenote_category":0,"_joinchat":[]},"product_brand":[],"product_cat":[768],"product_tag":[1006,793,770,772,773,858],"class_list":{"0":"post-27975","1":"product","2":"type-product","3":"status-publish","4":"has-post-thumbnail","6":"product_cat-parfum","7":"product_tag-b2b4","8":"product_tag-coffret","9":"product_tag-dubai","10":"product_tag-lattafa","11":"product_tag-parfum","12":"product_tag-serie-604","13":"pa_brand-lattafa","15":"first","16":"instock","17":"taxable","18":"shipping-taxable","19":"product-type-variable","20":"has-default-attributes"},"_links":{"self":[{"href":"https:\/\/perfumeeurope.com\/en\/wp-json\/wp\/v2\/product\/27975","targetHints":{"allow":["GET"]}}],"collection":[{"href":"https:\/\/perfumeeurope.com\/en\/wp-json\/wp\/v2\/product"}],"about":[{"href":"https:\/\/perfumeeurope.com\/en\/wp-json\/wp\/v2\/types\/product"}],"wp:featuredmedia":[{"embeddable":true,"href":"https:\/\/perfumeeurope.com\/en\/wp-json\/wp\/v2\/media\/27591"}],"wp:attachment":[{"href":"https:\/\/perfumeeurope.com\/en\/wp-json\/wp\/v2\/media?parent=27975"}],"wp:term":[{"taxonomy":"product_brand","embeddable":true,"href":"https:\/\/perfumeeurope.com\/en\/wp-json\/wp\/v2\/product_brand?post=27975"},{"taxonomy":"product_cat","embeddable":true,"href":"https:\/\/perfumeeurope.com\/en\/wp-json\/wp\/v2\/product_cat?post=27975"},{"taxonomy":"product_tag","embeddable":true,"href":"https:\/\/perfumeeurope.com\/en\/wp-json\/wp\/v2\/product_tag?post=27975"}],"curies":[{"name":"wp","href":"https:\/\/api.w.org\/{rel}","templated":true}]}}