{"id":28985,"date":"2026-01-28T12:34:10","date_gmt":"2026-01-28T11:34:10","guid":{"rendered":"https:\/\/perfumeeurope.com\/product\/elysia-sugar-patchouli-100ml-eau-de-parfum-unisexe\/"},"modified":"2026-03-05T20:36:26","modified_gmt":"2026-03-05T20:36:26","slug":"elysia-sugar-patchouli-100ml-eau-de-parfum-unisexe","status":"publish","type":"product","link":"https:\/\/perfumeeurope.com\/en\/product\/elysia-sugar-patchouli-100ml-eau-de-parfum-unisexe\/","title":{"rendered":"Elysia Sugar Patchouli 100ML Eau de Parfum Unisex"},"content":{"rendered":"","protected":false},"excerpt":{"rendered":"[cg_accordion title=\"Fragrance Notes\"]\n<p><strong>Top Note:<\/strong> Rum, vanilla orchid, jasmine<br \/><strong>Heart Note:<\/strong> Vanilla, cr\u00e8me br\u00fbl\u00e9e, spices, tonka bean, leather, rose<br \/><strong>Base Note:<\/strong> Patchouli, brown sugar, oud, sugar, amber, musk<\/p>\n<p>[\/cg_accordion][cg_accordion title=\"Description\"]<\/p>\n<p>An oriental vanilla eau de parfum that is sophisticated and intensely addictive. This opulent fragrance, designed for lovers of deep and sweet perfumes, blends warmth, sensuality, and boldness. Elysia Sugar Patchouli is ideal for those seeking an original, sweet, and intense scent, perfect for evenings or cooler seasons. \ud83c\udf1f<\/p>\n<p>[\/cg_accordion][cg_accordion title=\"Ingredients\"]<\/p>\n<p>ALCOHOL DENAT, FRAGRANCE, WATER, CINNAMAL, CINNAMYL ALCOHOL, CITRANELLOL, COUMARIN, EUGENOL, ISOEUGENOL, LINALOOL<\/p>\n<p>[\/cg_accordion]<\/p>\n","protected":false},"featured_media":28658,"template":"","meta":{"_monsterinsights_skip_tracking":false,"_monsterinsights_sitenote_active":false,"_monsterinsights_sitenote_note":"","_monsterinsights_sitenote_category":0,"_joinchat":[]},"product_brand":[],"product_cat":[768],"product_tag":[1035,770,773,871],"class_list":{"0":"post-28985","1":"product","2":"type-product","3":"status-publish","4":"has-post-thumbnail","6":"product_cat-parfum","7":"product_tag-b2b5","8":"product_tag-dubai","9":"product_tag-parfum","10":"product_tag-serie-629","11":"pa_brand-fragrance-world","13":"first","14":"instock","15":"taxable","16":"shipping-taxable","17":"product-type-variable","18":"has-default-attributes"},"_links":{"self":[{"href":"https:\/\/perfumeeurope.com\/en\/wp-json\/wp\/v2\/product\/28985","targetHints":{"allow":["GET"]}}],"collection":[{"href":"https:\/\/perfumeeurope.com\/en\/wp-json\/wp\/v2\/product"}],"about":[{"href":"https:\/\/perfumeeurope.com\/en\/wp-json\/wp\/v2\/types\/product"}],"wp:featuredmedia":[{"embeddable":true,"href":"https:\/\/perfumeeurope.com\/en\/wp-json\/wp\/v2\/media\/28658"}],"wp:attachment":[{"href":"https:\/\/perfumeeurope.com\/en\/wp-json\/wp\/v2\/media?parent=28985"}],"wp:term":[{"taxonomy":"product_brand","embeddable":true,"href":"https:\/\/perfumeeurope.com\/en\/wp-json\/wp\/v2\/product_brand?post=28985"},{"taxonomy":"product_cat","embeddable":true,"href":"https:\/\/perfumeeurope.com\/en\/wp-json\/wp\/v2\/product_cat?post=28985"},{"taxonomy":"product_tag","embeddable":true,"href":"https:\/\/perfumeeurope.com\/en\/wp-json\/wp\/v2\/product_tag?post=28985"}],"curies":[{"name":"wp","href":"https:\/\/api.w.org\/{rel}","templated":true}]}}