{"id":30977,"date":"2026-02-14T13:09:35","date_gmt":"2026-02-14T12:09:35","guid":{"rendered":"https:\/\/perfumeeurope.com\/product\/balade-a-paris-cafe-a-saint-germain-100ml-eau-de-parfum-femme\/"},"modified":"2026-03-05T20:36:26","modified_gmt":"2026-03-05T20:36:26","slug":"balade-a-paris-cafe-a-saint-germain-100ml-eau-de-parfum-femme","status":"publish","type":"product","link":"https:\/\/perfumeeurope.com\/en\/product\/balade-a-paris-cafe-a-saint-germain-100ml-eau-de-parfum-femme\/","title":{"rendered":"Balade \u00e0 Paris Caf\u00e9 \u00e0 Saint Germain 100ml Eau de Parfum for Women"},"content":{"rendered":"","protected":false},"excerpt":{"rendered":"[cg_accordion title=\"Description\"]\n<p>The Eau de Parfum Caf\u00e9 \u00e0 Saint-Germain evokes the sweet atmosphere of Parisian terraces, where the morning light mingles with the warm and indulgent aromas of freshly brewed coffee. With each breath, one feels as if strolling on the cobblestones of Paris, savoring a delicate and pleasant moment. The fragrance gently envelops the skin, bringing warmth and elegance, blending softness and character to create a unique and enchanting sensory experience. To fully enjoy the fragrance throughout the day, spray the Eau de Parfum on pulse points: neck, nape, behind the ears, d\u00e9collet\u00e9, and wrists. A fragrance that transforms every moment into a delightful and luminous Parisian interlude.<\/p>\n<p>[\/cg_accordion][cg_accordion title=\"Olfactory Family\"]<\/p>\n<p><b>Olfactory Family<\/b> : Oriental Fruity<\/p>\n<p>[\/cg_accordion][cg_accordion title=\"Top Notes\"]<\/p>\n<p><b>Top Notes<\/b> : Pear, Mandarin, Fig Leaf<\/p>\n<p>[\/cg_accordion][cg_accordion title=\"Heart Notes\"]<\/p>\n<p><b>Heart Notes<\/b> : Cedar, Jasmine, Caramel, Coffee Flower<\/p>\n<p>[\/cg_accordion][cg_accordion title=\"Base Notes\"]<\/p>\n<p><b>Base Notes<\/b> : Musk, Vanilla, Raspberry<\/p>\n<p>[\/cg_accordion][cg_accordion title=\"Ingredients\"]<\/p>\n<p><b>Ingredients<\/b> : Alcohol Denat., Aqua (Water), Parfum (Fragrance), Tetramethyl Acetyloctahydronaphthalenes, Ethylhexyl Methoxycinnamate, Hydroxycitronellal, Linalool, Linalyl Acetate, Hexyl Cinnamal, Ethylhexyl Salicylate, Butyl Methoxydibenzoylmethane, Dimethyl Phenethyl Acetate, Geranyl Acetate, Pogostemon Cablin Oil, Citronellol, Cinnamyl Alcohol, Rose Ketones, Hexadecanolactone, Pinene, CI 19140 (Yellow 5), CI 42090 (Blue 1)<\/p>\n<p>[\/cg_accordion]<\/p>\n","protected":false},"featured_media":30268,"template":"","meta":{"_monsterinsights_skip_tracking":false,"_monsterinsights_sitenote_active":false,"_monsterinsights_sitenote_note":"","_monsterinsights_sitenote_category":0,"_joinchat":[]},"product_brand":[],"product_cat":[768],"product_tag":[1061,1074,784,773],"class_list":{"0":"post-30977","1":"product","2":"type-product","3":"status-publish","4":"has-post-thumbnail","6":"product_cat-parfum","7":"product_tag-b2b6","8":"product_tag-femme","9":"product_tag-marque","10":"product_tag-parfum","11":"pa_brand-jeanne-arthes","13":"first","14":"instock","15":"sale","16":"taxable","17":"shipping-taxable","18":"product-type-simple"},"_links":{"self":[{"href":"https:\/\/perfumeeurope.com\/en\/wp-json\/wp\/v2\/product\/30977","targetHints":{"allow":["GET"]}}],"collection":[{"href":"https:\/\/perfumeeurope.com\/en\/wp-json\/wp\/v2\/product"}],"about":[{"href":"https:\/\/perfumeeurope.com\/en\/wp-json\/wp\/v2\/types\/product"}],"wp:featuredmedia":[{"embeddable":true,"href":"https:\/\/perfumeeurope.com\/en\/wp-json\/wp\/v2\/media\/30268"}],"wp:attachment":[{"href":"https:\/\/perfumeeurope.com\/en\/wp-json\/wp\/v2\/media?parent=30977"}],"wp:term":[{"taxonomy":"product_brand","embeddable":true,"href":"https:\/\/perfumeeurope.com\/en\/wp-json\/wp\/v2\/product_brand?post=30977"},{"taxonomy":"product_cat","embeddable":true,"href":"https:\/\/perfumeeurope.com\/en\/wp-json\/wp\/v2\/product_cat?post=30977"},{"taxonomy":"product_tag","embeddable":true,"href":"https:\/\/perfumeeurope.com\/en\/wp-json\/wp\/v2\/product_tag?post=30977"}],"curies":[{"name":"wp","href":"https:\/\/api.w.org\/{rel}","templated":true}]}}